{"id":247,"date":"2024-08-29T15:04:59","date_gmt":"2024-08-29T12:04:59","guid":{"rendered":"http:\/\/artesaanipizzaa.fi\/?page_id=247"},"modified":"2025-01-21T12:15:15","modified_gmt":"2025-01-21T10:15:15","slug":"247-2","status":"publish","type":"page","link":"https:\/\/artesaanipizzaa.fi\/index.php\/247-2\/","title":{"rendered":"Tietoja meist\u00e4"},"content":{"rendered":"\n<div class=\"slider-wrapper relative\" id=\"slider-1054239852\" >\n    <div class=\"slider slider-nav-simple slider-nav-normal slider-nav-light slider-style-normal slider-show-nav\"\n        data-flickity-options='{\n            \"cellAlign\": \"center\",\n            \"imagesLoaded\": true,\n            \"lazyLoad\": 1,\n            \"freeScroll\": false,\n            \"wrapAround\": false,\n            \"autoPlay\": 6000,\n            \"pauseAutoPlayOnHover\" : true,\n            \"prevNextButtons\": true,\n            \"contain\" : true,\n            \"adaptiveHeight\" : true,\n            \"dragThreshold\" : 10,\n            \"percentPosition\": true,\n            \"pageDots\": false,\n            \"rightToLeft\": false,\n            \"draggable\": true,\n            \"selectedAttraction\": 0.1,\n            \"parallax\" : 2,\n            \"friction\": 0.6        }'\n        >\n        \n\n\n  <div class=\"banner has-hover is-full-height\" id=\"banner-1936623923\">\n          <div class=\"banner-inner fill\">\n        <div class=\"banner-bg fill\" >\n            <img loading=\"lazy\" decoding=\"async\" width=\"1020\" height=\"1020\" src=\"https:\/\/artesaanipizzaa.fi\/wp-content\/uploads\/2024\/10\/WhatsApp-Image-2024-10-10-at-22.04.23-1024x1024.jpeg\" class=\"bg attachment-large size-large\" alt=\"\" \/>                        <div class=\"overlay\"><\/div>            \n                    <\/div>\n\t\t\n        <div class=\"banner-layers container\">\n            <div class=\"fill banner-link\"><\/div>            \n\n   <div id=\"text-box-1952899506\" class=\"text-box banner-layer x5 md-x5 lg-x5 y80 md-y80 lg-y80 res-text\">\n                                <div class=\"text-box-content text dark\">\n              \n              <div class=\"text-inner text-left\">\n                  \n\n<h2 class=\"uppercase\"><span style=\"font-size: 100%;\"><strong>ARTESAANI PIZZERIA<\/strong><\/span><\/h2>\n<p class=\"p1\"><span class=\"s1\">Artesaani pizzamme valmistetaan avotuli kiviarinauunissa.<\/span><\/p>\n<p class=\"p1\"><span class=\"s1\">Valmistamme sinulle t\u00e4ydellisen pizzan kiviarinauunillamme ja avotulella. Pizzan valmistuksessa k\u00e4yt\u00e4mme eritt\u00e4in korkea laatuisia Italialaisia jauhoja, oliivi\u00f6ljy\u00e4 sek\u00e4 erilaisia \u200b\u200bjuustoja.<\/span><\/p>\n<p class=\"p1\"><span class=\"s1\">Missiomme on tarjota asiakkaillemme parhaita tuotteita tuoreilla ja terveellisill\u00e4 raaka-ainella sek\u00e4 oikealla valmistusmenetelm\u00e4ll\u00e4.<\/span><\/p>\n<p class=\"p1\"><span class=\"s1\">Tarjoamme sinulle artesaani pizzael\u00e4myksen, jonka makua ja kokemusta et tule koskaan unohtamaan.<\/span><\/p>\n<p class=\"p1\"><span class=\"s1\">Odotat innolla seuraavaa kokemustasi.<\/span><\/p>\n\n              <\/div>\n           <\/div>\n                            \n<style>\n#text-box-1952899506 {\n  width: 78%;\n}\n#text-box-1952899506 .text-box-content {\n  font-size: 125%;\n}\n@media (min-width:550px) {\n  #text-box-1952899506 {\n    width: 45%;\n  }\n  #text-box-1952899506 .text-box-content {\n    font-size: 100%;\n  }\n}\n<\/style>\n    <\/div>\n \n\n        <\/div>\n      <\/div>\n\n            \n<style>\n#banner-1936623923 {\n  padding-top: 100%;\n}\n#banner-1936623923 .overlay {\n  background-color: rgba(0, 0, 0, 0.17);\n}\n#banner-1936623923 .banner-bg img {\n  object-position: 35% 46%;\n}\n<\/style>\n  <\/div>\n\n\n\n     <\/div>\n\n     <div class=\"loading-spin dark large centered\"><\/div>\n\n\t<\/div>\n\n\n  <div class=\"banner-grid-wrapper\">\n  <div id=\"banner-grid-1867610002\" class=\"banner-grid row row-grid row-small\" data-packery-options=\"\">\n                      \n\n<div class=\"col grid-col large-6 grid-col-1\" ><div class=\"col-inner\">\n\n\t<div class=\"img has-hover x md-x lg-x y md-y lg-y\" id=\"image_1649233686\">\n\t\t\t\t\t\t\t\t<div class=\"img-inner dark\" >\n\t\t\t<img loading=\"lazy\" decoding=\"async\" width=\"1020\" height=\"1020\" src=\"https:\/\/artesaanipizzaa.fi\/wp-content\/uploads\/2024\/08\/sisa3-1024x1024.jpg\" class=\"attachment-large size-large\" alt=\"\" srcset=\"https:\/\/artesaanipizzaa.fi\/wp-content\/uploads\/2024\/08\/sisa3-1024x1024.jpg 1024w, https:\/\/artesaanipizzaa.fi\/wp-content\/uploads\/2024\/08\/sisa3-300x300.jpg 300w, https:\/\/artesaanipizzaa.fi\/wp-content\/uploads\/2024\/08\/sisa3-150x150.jpg 150w, https:\/\/artesaanipizzaa.fi\/wp-content\/uploads\/2024\/08\/sisa3-768x768.jpg 768w, https:\/\/artesaanipizzaa.fi\/wp-content\/uploads\/2024\/08\/sisa3-1536x1536.jpg 1536w, https:\/\/artesaanipizzaa.fi\/wp-content\/uploads\/2024\/08\/sisa3.jpg 2048w\" sizes=\"auto, (max-width: 1020px) 100vw, 1020px\" \/>\t\t\t\t\t\t\n\t\t\t\t\t<\/div>\n\t\t\t\t\t\t\t\t\n<style>\n#image_1649233686 {\n  width: 100%;\n}\n<\/style>\n\t<\/div>\n\t\n\n\n<\/div><\/div>\n<div class=\"col grid-col large-3 grid-col-1\" ><div class=\"col-inner\">\n\n\t<div class=\"img has-hover x md-x lg-x y md-y lg-y\" id=\"image_2049155651\">\n\t\t\t\t\t\t\t\t<div class=\"img-inner dark\" >\n\t\t\t<img loading=\"lazy\" decoding=\"async\" width=\"1020\" height=\"1020\" src=\"https:\/\/artesaanipizzaa.fi\/wp-content\/uploads\/2024\/08\/sisa11-1024x1024.jpg\" class=\"attachment-large size-large\" alt=\"\" srcset=\"https:\/\/artesaanipizzaa.fi\/wp-content\/uploads\/2024\/08\/sisa11-1024x1024.jpg 1024w, https:\/\/artesaanipizzaa.fi\/wp-content\/uploads\/2024\/08\/sisa11-300x300.jpg 300w, https:\/\/artesaanipizzaa.fi\/wp-content\/uploads\/2024\/08\/sisa11-150x150.jpg 150w, https:\/\/artesaanipizzaa.fi\/wp-content\/uploads\/2024\/08\/sisa11-768x768.jpg 768w, https:\/\/artesaanipizzaa.fi\/wp-content\/uploads\/2024\/08\/sisa11-1536x1536.jpg 1536w, https:\/\/artesaanipizzaa.fi\/wp-content\/uploads\/2024\/08\/sisa11.jpg 2048w\" sizes=\"auto, (max-width: 1020px) 100vw, 1020px\" \/>\t\t\t\t\t\t\n\t\t\t\t\t<\/div>\n\t\t\t\t\t\t\t\t\n<style>\n#image_2049155651 {\n  width: 100%;\n}\n<\/style>\n\t<\/div>\n\t\n\n\n<\/div><\/div>\n<div class=\"col grid-col large-3 grid-col-1-2\" ><div class=\"col-inner\">\n\n\t<div class=\"img has-hover x md-x lg-x y md-y lg-y\" id=\"image_1400811929\">\n\t\t\t\t\t\t\t\t<div class=\"img-inner dark\" >\n\t\t\t<img loading=\"lazy\" decoding=\"async\" width=\"800\" height=\"678\" src=\"https:\/\/artesaanipizzaa.fi\/wp-content\/uploads\/2024\/08\/Uuni_01.png\" class=\"attachment-large size-large\" alt=\"\" srcset=\"https:\/\/artesaanipizzaa.fi\/wp-content\/uploads\/2024\/08\/Uuni_01.png 800w, https:\/\/artesaanipizzaa.fi\/wp-content\/uploads\/2024\/08\/Uuni_01-300x254.png 300w, https:\/\/artesaanipizzaa.fi\/wp-content\/uploads\/2024\/08\/Uuni_01-768x651.png 768w, https:\/\/artesaanipizzaa.fi\/wp-content\/uploads\/2024\/08\/Uuni_01-14x12.png 14w\" sizes=\"auto, (max-width: 800px) 100vw, 800px\" \/>\t\t\t\t\t\t\n\t\t\t\t\t<\/div>\n\t\t\t\t\t\t\t\t\n<style>\n#image_1400811929 {\n  width: 100%;\n}\n<\/style>\n\t<\/div>\n\t\n\n\n<\/div><\/div>\n<div class=\"col grid-col large-3 grid-col-1-2\" ><div class=\"col-inner\">\n\n\t<div class=\"img has-hover x md-x lg-x y md-y lg-y\" id=\"image_1505403357\">\n\t\t\t\t\t\t\t\t<div class=\"img-inner dark\" >\n\t\t\t<img loading=\"lazy\" decoding=\"async\" width=\"1020\" height=\"1020\" src=\"https:\/\/artesaanipizzaa.fi\/wp-content\/uploads\/2024\/08\/WhatsApp-Kuva-2024-08-23-klo-21.18.57_762dd768-1024x1024.jpg\" class=\"attachment-large size-large\" alt=\"\" srcset=\"https:\/\/artesaanipizzaa.fi\/wp-content\/uploads\/2024\/08\/WhatsApp-Kuva-2024-08-23-klo-21.18.57_762dd768-1024x1024.jpg 1024w, https:\/\/artesaanipizzaa.fi\/wp-content\/uploads\/2024\/08\/WhatsApp-Kuva-2024-08-23-klo-21.18.57_762dd768-300x300.jpg 300w, https:\/\/artesaanipizzaa.fi\/wp-content\/uploads\/2024\/08\/WhatsApp-Kuva-2024-08-23-klo-21.18.57_762dd768-150x150.jpg 150w, https:\/\/artesaanipizzaa.fi\/wp-content\/uploads\/2024\/08\/WhatsApp-Kuva-2024-08-23-klo-21.18.57_762dd768-768x768.jpg 768w, https:\/\/artesaanipizzaa.fi\/wp-content\/uploads\/2024\/08\/WhatsApp-Kuva-2024-08-23-klo-21.18.57_762dd768-1536x1536.jpg 1536w, https:\/\/artesaanipizzaa.fi\/wp-content\/uploads\/2024\/08\/WhatsApp-Kuva-2024-08-23-klo-21.18.57_762dd768-12x12.jpg 12w, https:\/\/artesaanipizzaa.fi\/wp-content\/uploads\/2024\/08\/WhatsApp-Kuva-2024-08-23-klo-21.18.57_762dd768.jpg 2048w\" sizes=\"auto, (max-width: 1020px) 100vw, 1020px\" \/>\t\t\t\t\t\t\n\t\t\t\t\t<\/div>\n\t\t\t\t\t\t\t\t\n<style>\n#image_1505403357 {\n  width: 100%;\n}\n<\/style>\n\t<\/div>\n\t\n\n\n<\/div><\/div>\n\n            <\/div>\n    <style>\n    #banner-grid-1867610002 .grid-col-1{height: 600px}\n    #banner-grid-1867610002 .grid-col-1-2{height: 300px}\n    #banner-grid-1867610002 .grid-col-1-3{height:200px}\n    #banner-grid-1867610002 .grid-col-2-3{height: 400px}\n    #banner-grid-1867610002 .grid-col-1-4{height: 150px}\n    #banner-grid-1867610002 .grid-col-3-4{height: 450px}\n\n\n    \n    \n\n  <\/style>\n    <\/div>\n  \n\n","protected":false},"excerpt":{"rendered":"","protected":false},"author":2,"featured_media":0,"parent":0,"menu_order":0,"comment_status":"closed","ping_status":"closed","template":"page-transparent-header-light.php","meta":{"footnotes":""},"class_list":["post-247","page","type-page","status-publish","hentry"],"_links":{"self":[{"href":"https:\/\/artesaanipizzaa.fi\/index.php\/wp-json\/wp\/v2\/pages\/247","targetHints":{"allow":["GET"]}}],"collection":[{"href":"https:\/\/artesaanipizzaa.fi\/index.php\/wp-json\/wp\/v2\/pages"}],"about":[{"href":"https:\/\/artesaanipizzaa.fi\/index.php\/wp-json\/wp\/v2\/types\/page"}],"author":[{"embeddable":true,"href":"https:\/\/artesaanipizzaa.fi\/index.php\/wp-json\/wp\/v2\/users\/2"}],"replies":[{"embeddable":true,"href":"https:\/\/artesaanipizzaa.fi\/index.php\/wp-json\/wp\/v2\/comments?post=247"}],"version-history":[{"count":8,"href":"https:\/\/artesaanipizzaa.fi\/index.php\/wp-json\/wp\/v2\/pages\/247\/revisions"}],"predecessor-version":[{"id":486,"href":"https:\/\/artesaanipizzaa.fi\/index.php\/wp-json\/wp\/v2\/pages\/247\/revisions\/486"}],"wp:attachment":[{"href":"https:\/\/artesaanipizzaa.fi\/index.php\/wp-json\/wp\/v2\/media?parent=247"}],"curies":[{"name":"wp","href":"https:\/\/api.w.org\/{rel}","templated":true}]}}