{"id":427,"date":"2024-10-29T18:59:15","date_gmt":"2024-10-29T16:59:15","guid":{"rendered":"https:\/\/artesaanipizzaa.fi\/?page_id=427"},"modified":"2026-04-04T18:58:50","modified_gmt":"2026-04-04T15:58:50","slug":"uusi-etusivu","status":"publish","type":"page","link":"https:\/\/artesaanipizzaa.fi\/","title":{"rendered":"Uusi etusivu"},"content":{"rendered":"\n<div class=\"is-divider divider clearfix\" style=\"height:100px;background-color:#ffffff;\"><\/div>\n\n<div class=\"row\"  id=\"row-208981565\">\n\n\n\t<div id=\"col-1492844411\" class=\"col medium-6 small-12 large-6\"  >\n\t\t\t\t<div class=\"col-inner\"  >\n\t\t\t\n\t\t\t\n\n\t<div class=\"img has-hover x md-x lg-x y md-y lg-y\" id=\"image_347374929\">\n\t\t\t\t\t\t\t\t<div class=\"img-inner dark\" >\n\t\t\t<img loading=\"lazy\" decoding=\"async\" width=\"980\" height=\"1024\" src=\"https:\/\/artesaanipizzaa.fi\/wp-content\/uploads\/2024\/11\/logo_artesaanipizza_600px_verace-980x1024.png\" class=\"attachment-large size-large\" alt=\"\" srcset=\"https:\/\/artesaanipizzaa.fi\/wp-content\/uploads\/2024\/11\/logo_artesaanipizza_600px_verace-980x1024.png 980w, https:\/\/artesaanipizzaa.fi\/wp-content\/uploads\/2024\/11\/logo_artesaanipizza_600px_verace-287x300.png 287w, https:\/\/artesaanipizzaa.fi\/wp-content\/uploads\/2024\/11\/logo_artesaanipizza_600px_verace-768x802.png 768w, https:\/\/artesaanipizzaa.fi\/wp-content\/uploads\/2024\/11\/logo_artesaanipizza_600px_verace.png 1458w\" sizes=\"auto, (max-width: 980px) 100vw, 980px\" \/>\t\t\t\t\t\t\n\t\t\t\t\t<\/div>\n\t\t\t\t\t\t\t\t\n<style>\n#image_347374929 {\n  width: 64%;\n}\n<\/style>\n\t<\/div>\n\t\n\n\n\t\t<\/div>\n\t\t\t\t\t<\/div>\n\n\t\n\n\t<div id=\"col-848808867\" class=\"col medium-6 small-12 large-6\"  >\n\t\t\t\t<div class=\"col-inner\"  >\n\t\t\t\n\t\t\t\n\n\t<div id=\"text-202561975\" class=\"text\">\n\t\t\n\n<h3><strong><em>Aitoa<\/em><\/strong><em>\u00a0napolilaista pizzaa kiviarinauunissa paistettuna,maku jonka\u00a0 syntyy satoja vuosia takaisia napolilaisia perinteit\u00e4 kunnioittaen.<\/em><\/h3>\n<h3><em>Nyt my\u00f6s laadukkaat Italialaiset viinit valikoimassa. Tule nauttimaan lasillinen laadukasta viini\u00e4 napolilaisen pizzan kanssa.<\/em><\/h3>\n\t\t\n<style>\n#text-202561975 {\n  text-align: center;\n  color: rgb(0,0,0);\n}\n#text-202561975 > * {\n  color: rgb(0,0,0);\n}\n<\/style>\n\t<\/div>\n\t\n\n\t\t<\/div>\n\t\t\t\t\t<\/div>\n\n\t\n\n<\/div>\n<div class=\"row\"  id=\"row-1553319712\">\n\n\n\t<div id=\"col-1165776708\" class=\"col medium-6 small-12 large-6\"  >\n\t\t\t\t<div class=\"col-inner\" style=\"background-color:rgb(255,255,255);\" >\n\t\t\t\n\t\t\t\n\n\t<div id=\"text-1823552862\" class=\"text\">\n\t\t\n\n\n\t\t\n<style>\n#text-1823552862 {\n  color: rgb(0,0,0);\n}\n#text-1823552862 > * {\n  color: rgb(0,0,0);\n}\n<\/style>\n\t<\/div>\n\t\n\t<div id=\"text-1285844145\" class=\"text\">\n\t\t\n\n<h3>Pizza pohja s\u00e4ilytt\u00e4\u00e4 ainutlaatuisen kuohkeutensa ja t\u00e4ytteet pit\u00e4v\u00e4t tuoreet makunsa sis\u00e4ll\u00e4\u00e4n nopean paistoajan ja kiviuuni ansiosta. Pizzasta tulee todella herkullinen ja rapea.<\/h3>\n<p>\u00a0<\/p>\n\t\t\n<style>\n#text-1285844145 {\n  text-align: center;\n  color: rgb(0,0,0);\n}\n#text-1285844145 > * {\n  color: rgb(0,0,0);\n}\n<\/style>\n\t<\/div>\n\t\n\n\t\t<\/div>\n\t\t\t\t\t<\/div>\n\n\t\n\n\t<div id=\"col-489684070\" class=\"col medium-6 small-12 large-6\"  >\n\t\t\t\t<div class=\"col-inner text-right\"  >\n\t\t\t\n\t\t\t\n\n\t<div class=\"img has-hover x md-x lg-x y md-y lg-y\" id=\"image_1083327133\">\n\t\t\t\t\t\t\t\t<div class=\"img-inner dark\" >\n\t\t\t<img loading=\"lazy\" decoding=\"async\" width=\"1020\" height=\"958\" src=\"https:\/\/artesaanipizzaa.fi\/wp-content\/uploads\/2024\/08\/Limos-pizzeri-1024x962.webp\" class=\"attachment-large size-large\" alt=\"\" srcset=\"https:\/\/artesaanipizzaa.fi\/wp-content\/uploads\/2024\/08\/Limos-pizzeri-1024x962.webp 1024w, https:\/\/artesaanipizzaa.fi\/wp-content\/uploads\/2024\/08\/Limos-pizzeri-300x282.webp 300w, https:\/\/artesaanipizzaa.fi\/wp-content\/uploads\/2024\/08\/Limos-pizzeri-768x722.webp 768w, https:\/\/artesaanipizzaa.fi\/wp-content\/uploads\/2024\/08\/Limos-pizzeri.webp 1280w\" sizes=\"auto, (max-width: 1020px) 100vw, 1020px\" \/>\t\t\t\t\t\t\n\t\t\t\t\t<\/div>\n\t\t\t\t\t\t\t\t\n<style>\n#image_1083327133 {\n  width: 90%;\n}\n<\/style>\n\t<\/div>\n\t\n\n<div class=\"is-divider divider clearfix\" style=\"background-color:rgb(250, 250, 250);\"><\/div>\n\n\n\t\t<\/div>\n\t\t\t\t\t<\/div>\n\n\t\n\n<\/div>\n<div class=\"row\"  id=\"row-950549772\">\n\n\n\t<div id=\"col-987962898\" class=\"col medium-4 small-12 large-4\"  >\n\t\t\t\t<div class=\"col-inner\"  >\n\t\t\t\n\t\t\t\n\n\t<div class=\"img has-hover x md-x lg-x y md-y lg-y\" id=\"image_1874928663\">\n\t\t\t\t\t\t\t\t<div class=\"img-inner dark\" >\n\t\t\t<img loading=\"lazy\" decoding=\"async\" width=\"450\" height=\"600\" src=\"https:\/\/artesaanipizzaa.fi\/wp-content\/uploads\/2025\/04\/Viiinit_04_2025_ilmantaustaa_600x400px.png\" class=\"attachment-large size-large\" alt=\"\" srcset=\"https:\/\/artesaanipizzaa.fi\/wp-content\/uploads\/2025\/04\/Viiinit_04_2025_ilmantaustaa_600x400px.png 450w, https:\/\/artesaanipizzaa.fi\/wp-content\/uploads\/2025\/04\/Viiinit_04_2025_ilmantaustaa_600x400px-225x300.png 225w\" sizes=\"auto, (max-width: 450px) 100vw, 450px\" \/>\t\t\t\t\t\t\n\t\t\t\t\t<\/div>\n\t\t\t\t\t\t\t\t\n<style>\n#image_1874928663 {\n  width: 100%;\n}\n<\/style>\n\t<\/div>\n\t\n\n\n\t\t<\/div>\n\t\t\t\t\t<\/div>\n\n\t\n\n\t<div id=\"col-2115825817\" class=\"col medium-3 small-12 large-3 col-divided\"  >\n\t\t\t\t<div class=\"col-inner\"  >\n\t\t\t\n\t<div class=\"is-border\"\n\t\tstyle=\"border-width:0px 0px 0px 0px;\">\n\t<\/div>\n\t\t\t\n\n\t<div id=\"text-1996979671\" class=\"text\">\n\t\t\n\n<h4><em>Valikoimasta l\u00f6ytyy laadukkaat valkoviinit ja punaviinit Italiasta! Juomalistalta l\u00f6ytyy my\u00f6s kotimaisia sek\u00e4 ulkomaalaisia oluita. Tule nauttimaan!\u00a0<\/em><\/h4>\n\t\t\n<style>\n#text-1996979671 {\n  line-height: 1.35;\n  text-align: center;\n}\n<\/style>\n\t<\/div>\n\t\n\n\t\t<\/div>\n\t\t\t\t\n<style>\n#col-2115825817 > .col-inner {\n  padding: 80px 0px 0px 0px;\n  margin: 0px 0px 0px 0px;\n}\n<\/style>\n\t<\/div>\n\n\t\n\n<\/div>\n<div class=\"row\"  id=\"row-1661311317\">\n\n\n<\/div>\n<div class=\"is-divider divider clearfix\" style=\"height:10px;\"><\/div>\n\n<div class=\"row\"  id=\"row-1983167774\">\n\n\n\t<div id=\"col-1975940175\" class=\"col medium-4 small-12 large-4\"  >\n\t\t\t\t<div class=\"col-inner\"  >\n\t\t\t\n\t\t\t\n\n<h5 style=\"text-align: center;\">24 H TAIKINAN KOHOTUS MENETELM\u00c4<\/h5>\n<div class=\"row\"  id=\"row-1949190109\">\n\n\n\t<div id=\"col-626840073\" class=\"col medium-4 small-12 large-4\"  >\n\t\t\t\t<div class=\"col-inner\"  >\n\t\t\t\n\t\t\t\n\n\n\t\t<\/div>\n\t\t\t\t\t<\/div>\n\n\t\n\n\t<div id=\"col-1100044946\" class=\"col medium-4 small-12 large-4\"  >\n\t\t\t\t<div class=\"col-inner\"  >\n\t\t\t\n\t\t\t\n\n\t<div class=\"img has-hover x md-x lg-x y md-y lg-y\" id=\"image_149896471\">\n\t\t\t\t\t\t\t\t<div class=\"img-inner dark\" >\n\t\t\t<img loading=\"lazy\" decoding=\"async\" width=\"1020\" height=\"829\" src=\"https:\/\/artesaanipizzaa.fi\/wp-content\/uploads\/2024\/11\/kohotus-1024x832.png\" class=\"attachment-large size-large\" alt=\"\" srcset=\"https:\/\/artesaanipizzaa.fi\/wp-content\/uploads\/2024\/11\/kohotus-1024x832.png 1024w, https:\/\/artesaanipizzaa.fi\/wp-content\/uploads\/2024\/11\/kohotus-300x244.png 300w, https:\/\/artesaanipizzaa.fi\/wp-content\/uploads\/2024\/11\/kohotus-768x624.png 768w, https:\/\/artesaanipizzaa.fi\/wp-content\/uploads\/2024\/11\/kohotus.png 1179w\" sizes=\"auto, (max-width: 1020px) 100vw, 1020px\" \/>\t\t\t\t\t\t\n\t\t\t\t\t<\/div>\n\t\t\t\t\t\t\t\t\n<style>\n#image_149896471 {\n  width: 100%;\n}\n<\/style>\n\t<\/div>\n\t\n\n\n\t\t<\/div>\n\t\t\t\t\t<\/div>\n\n\t\n\n\t<div id=\"col-1596603102\" class=\"col medium-4 small-12 large-4\"  >\n\t\t\t\t<div class=\"col-inner\"  >\n\t\t\t\n\t\t\t\n\n\n\t\t<\/div>\n\t\t\t\t\t<\/div>\n\n\t\n\n<\/div>\n\n\t\t<\/div>\n\t\t\t\t\t<\/div>\n\n\t\n\n\t<div id=\"col-1354545414\" class=\"col medium-4 small-12 large-4\"  >\n\t\t\t\t<div class=\"col-inner\"  >\n\t\t\t\n\t\t\t\n\n<h5 style=\"text-align: center;\">28-30 CM HALKAISIJA<\/h5>\n<div class=\"row\"  id=\"row-830626216\">\n\n\n\t<div id=\"col-1648804812\" class=\"col medium-4 small-12 large-4\"  >\n\t\t\t\t<div class=\"col-inner\"  >\n\t\t\t\n\t\t\t\n\n\n\t\t<\/div>\n\t\t\t\t\t<\/div>\n\n\t\n\n\t<div id=\"col-1116568362\" class=\"col medium-4 small-12 large-4\"  >\n\t\t\t\t<div class=\"col-inner\"  >\n\t\t\t\n\t\t\t\n\n\t<div class=\"img has-hover x md-x lg-x y md-y lg-y\" id=\"image_747450179\">\n\t\t\t\t\t\t\t\t<div class=\"img-inner dark\" >\n\t\t\t<img loading=\"lazy\" decoding=\"async\" width=\"1020\" height=\"1006\" src=\"https:\/\/artesaanipizzaa.fi\/wp-content\/uploads\/2024\/11\/halkaisija-1024x1010.png\" class=\"attachment-large size-large\" alt=\"\" srcset=\"https:\/\/artesaanipizzaa.fi\/wp-content\/uploads\/2024\/11\/halkaisija-1024x1010.png 1024w, https:\/\/artesaanipizzaa.fi\/wp-content\/uploads\/2024\/11\/halkaisija-300x296.png 300w, https:\/\/artesaanipizzaa.fi\/wp-content\/uploads\/2024\/11\/halkaisija-768x758.png 768w, https:\/\/artesaanipizzaa.fi\/wp-content\/uploads\/2024\/11\/halkaisija.png 1028w\" sizes=\"auto, (max-width: 1020px) 100vw, 1020px\" \/>\t\t\t\t\t\t\n\t\t\t\t\t<\/div>\n\t\t\t\t\t\t\t\t\n<style>\n#image_747450179 {\n  width: 100%;\n}\n<\/style>\n\t<\/div>\n\t\n\n\n\t\t<\/div>\n\t\t\t\t\t<\/div>\n\n\t\n\n\t<div id=\"col-657200532\" class=\"col medium-4 small-12 large-4\"  >\n\t\t\t\t<div class=\"col-inner\"  >\n\t\t\t\n\t\t\t\n\n\n\t\t<\/div>\n\t\t\t\t\t<\/div>\n\n\t\n\n<\/div>\n\n\t\t<\/div>\n\t\t\t\t\t<\/div>\n\n\t\n\n\t<div id=\"col-468708820\" class=\"col medium-4 small-12 large-4\"  >\n\t\t\t\t<div class=\"col-inner\"  >\n\t\t\t\n\t\t\t\n\n<h5 style=\"text-align: center;\">350 ASTETTA KIVIARINAUUNI L\u00c4MP\u00d6<\/h5>\n<div class=\"row\"  id=\"row-1296958542\">\n\n\n\t<div id=\"col-503692204\" class=\"col medium-4 small-12 large-4\"  >\n\t\t\t\t<div class=\"col-inner\"  >\n\t\t\t\n\t\t\t\n\n\n\t\t<\/div>\n\t\t\t\t\t<\/div>\n\n\t\n\n\t<div id=\"col-1321948926\" class=\"col medium-4 small-12 large-4\"  >\n\t\t\t\t<div class=\"col-inner\"  >\n\t\t\t\n\t\t\t\n\n\t<div class=\"img has-hover x md-x lg-x y md-y lg-y\" id=\"image_1131243016\">\n\t\t\t\t\t\t\t\t<div class=\"img-inner dark\" >\n\t\t\t<img loading=\"lazy\" decoding=\"async\" width=\"963\" height=\"1024\" src=\"https:\/\/artesaanipizzaa.fi\/wp-content\/uploads\/2024\/11\/uuni_icon-963x1024.png\" class=\"attachment-large size-large\" alt=\"\" srcset=\"https:\/\/artesaanipizzaa.fi\/wp-content\/uploads\/2024\/11\/uuni_icon-963x1024.png 963w, https:\/\/artesaanipizzaa.fi\/wp-content\/uploads\/2024\/11\/uuni_icon-282x300.png 282w, https:\/\/artesaanipizzaa.fi\/wp-content\/uploads\/2024\/11\/uuni_icon-768x817.png 768w, https:\/\/artesaanipizzaa.fi\/wp-content\/uploads\/2024\/11\/uuni_icon.png 1257w\" sizes=\"auto, (max-width: 963px) 100vw, 963px\" \/>\t\t\t\t\t\t\n\t\t\t\t\t<\/div>\n\t\t\t\t\t\t\t\t\n<style>\n#image_1131243016 {\n  width: 100%;\n}\n<\/style>\n\t<\/div>\n\t\n\n\n\t\t<\/div>\n\t\t\t\t\t<\/div>\n\n\t\n\n\t<div id=\"col-2068451460\" class=\"col medium-4 small-12 large-4\"  >\n\t\t\t\t<div class=\"col-inner\"  >\n\t\t\t\n\t\t\t\n\n\n\t\t<\/div>\n\t\t\t\t\t<\/div>\n\n\t\n\n<\/div>\n\n\t\t<\/div>\n\t\t\t\t\n<style>\n#col-468708820 > .col-inner {\n  padding: 0px 0px 0px 0px;\n}\n<\/style>\n\t<\/div>\n\n\t\n\n\t<div id=\"col-401179052\" class=\"col medium-4 small-12 large-4\"  >\n\t\t\t\t<div class=\"col-inner\"  >\n\t\t\t\n\t\t\t\n\n<h5 style=\"text-align: center;\">60-90 SEKUNNIN PAISTOAIKA<\/h5>\n<div class=\"row\"  id=\"row-857258008\">\n\n\n\t<div id=\"col-755220429\" class=\"col medium-4 small-12 large-4\"  >\n\t\t\t\t<div class=\"col-inner\"  >\n\t\t\t\n\t\t\t\n\n\n\t\t<\/div>\n\t\t\t\t\t<\/div>\n\n\t\n\n\t<div id=\"col-785837484\" class=\"col medium-4 small-12 large-4\"  >\n\t\t\t\t<div class=\"col-inner\"  >\n\t\t\t\n\t\t\t\n\n\t<div class=\"img has-hover x md-x lg-x y md-y lg-y\" id=\"image_369068614\">\n\t\t\t\t\t\t\t\t<div class=\"img-inner dark\" >\n\t\t\t<img loading=\"lazy\" decoding=\"async\" width=\"1020\" height=\"1020\" src=\"https:\/\/artesaanipizzaa.fi\/wp-content\/uploads\/2024\/11\/kello-1024x1024.png\" class=\"attachment-large size-large\" alt=\"\" srcset=\"https:\/\/artesaanipizzaa.fi\/wp-content\/uploads\/2024\/11\/kello-1024x1024.png 1024w, https:\/\/artesaanipizzaa.fi\/wp-content\/uploads\/2024\/11\/kello-300x300.png 300w, https:\/\/artesaanipizzaa.fi\/wp-content\/uploads\/2024\/11\/kello-150x150.png 150w, https:\/\/artesaanipizzaa.fi\/wp-content\/uploads\/2024\/11\/kello-768x769.png 768w, https:\/\/artesaanipizzaa.fi\/wp-content\/uploads\/2024\/11\/kello.png 1073w\" sizes=\"auto, (max-width: 1020px) 100vw, 1020px\" \/>\t\t\t\t\t\t\n\t\t\t\t\t<\/div>\n\t\t\t\t\t\t\t\t\n<style>\n#image_369068614 {\n  width: 100%;\n}\n<\/style>\n\t<\/div>\n\t\n\n\n\t\t<\/div>\n\t\t\t\t\t<\/div>\n\n\t\n\n\t<div id=\"col-269374126\" class=\"col medium-4 small-12 large-4\"  >\n\t\t\t\t<div class=\"col-inner\"  >\n\t\t\t\n\t\t\t\n\n\n\t\t<\/div>\n\t\t\t\t\t<\/div>\n\n\t\n\n<\/div>\n\n\t\t<\/div>\n\t\t\t\t\t<\/div>\n\n\t\n\n\t<div id=\"col-848943539\" class=\"col medium-4 small-12 large-4\"  >\n\t\t\t\t<div class=\"col-inner\"  >\n\t\t\t\n\t\t\t\n\n<h5 style=\"text-align: center;\">2-3 CM REUNAN PAKSUUS<\/h5>\n<div class=\"row\"  id=\"row-377079990\">\n\n\n\t<div id=\"col-1312299505\" class=\"col medium-4 small-12 large-4\"  >\n\t\t\t\t<div class=\"col-inner\"  >\n\t\t\t\n\t\t\t\n\n\n\t\t<\/div>\n\t\t\t\t\t<\/div>\n\n\t\n\n\t<div id=\"col-1636539931\" class=\"col medium-4 small-12 large-4\"  >\n\t\t\t\t<div class=\"col-inner\"  >\n\t\t\t\n\t\t\t\n\n\t<div class=\"img has-hover x md-x lg-x y md-y lg-y\" id=\"image_2008825388\">\n\t\t\t\t\t\t\t\t<div class=\"img-inner dark\" >\n\t\t\t<img loading=\"lazy\" decoding=\"async\" width=\"1020\" height=\"667\" src=\"https:\/\/artesaanipizzaa.fi\/wp-content\/uploads\/2024\/11\/reuna-1024x670.png\" class=\"attachment-large size-large\" alt=\"\" srcset=\"https:\/\/artesaanipizzaa.fi\/wp-content\/uploads\/2024\/11\/reuna-1024x670.png 1024w, https:\/\/artesaanipizzaa.fi\/wp-content\/uploads\/2024\/11\/reuna-300x196.png 300w, https:\/\/artesaanipizzaa.fi\/wp-content\/uploads\/2024\/11\/reuna-768x502.png 768w, https:\/\/artesaanipizzaa.fi\/wp-content\/uploads\/2024\/11\/reuna.png 1507w\" sizes=\"auto, (max-width: 1020px) 100vw, 1020px\" \/>\t\t\t\t\t\t\n\t\t\t\t\t<\/div>\n\t\t\t\t\t\t\t\t\n<style>\n#image_2008825388 {\n  width: 100%;\n}\n<\/style>\n\t<\/div>\n\t\n\n\n\t\t<\/div>\n\t\t\t\t\t<\/div>\n\n\t\n\n\t<div id=\"col-1696904519\" class=\"col medium-4 small-12 large-4\"  >\n\t\t\t\t<div class=\"col-inner\"  >\n\t\t\t\n\t\t\t\n\n\n\t\t<\/div>\n\t\t\t\t\t<\/div>\n\n\t\n\n<\/div>\n\n\t\t<\/div>\n\t\t\t\t\t<\/div>\n\n\t\n\n\t<div id=\"col-1295990567\" class=\"col medium-4 small-12 large-4\"  >\n\t\t\t\t<div class=\"col-inner\"  >\n\t\t\t\n\t\t\t\n\n<h5 style=\"text-align: center;\">2-2.5 MM POHJAN PAKSUUS<\/h5>\n<div class=\"row\"  id=\"row-1617406840\">\n\n\n\t<div id=\"col-737612302\" class=\"col medium-4 small-12 large-4\"  >\n\t\t\t\t<div class=\"col-inner\"  >\n\t\t\t\n\t\t\t\n\n\n\t\t<\/div>\n\t\t\t\t\t<\/div>\n\n\t\n\n\t<div id=\"col-1426358170\" class=\"col medium-4 small-12 large-4\"  >\n\t\t\t\t<div class=\"col-inner\"  >\n\t\t\t\n\t\t\t\n\n\t<div class=\"img has-hover x md-x lg-x y md-y lg-y\" id=\"image_398758778\">\n\t\t\t\t\t\t\t\t<div class=\"img-inner dark\" >\n\t\t\t<img loading=\"lazy\" decoding=\"async\" width=\"1006\" height=\"1024\" src=\"https:\/\/artesaanipizzaa.fi\/wp-content\/uploads\/2024\/11\/paksuus-1006x1024.png\" class=\"attachment-large size-large\" alt=\"\" srcset=\"https:\/\/artesaanipizzaa.fi\/wp-content\/uploads\/2024\/11\/paksuus-1006x1024.png 1006w, https:\/\/artesaanipizzaa.fi\/wp-content\/uploads\/2024\/11\/paksuus-295x300.png 295w, https:\/\/artesaanipizzaa.fi\/wp-content\/uploads\/2024\/11\/paksuus-768x782.png 768w, https:\/\/artesaanipizzaa.fi\/wp-content\/uploads\/2024\/11\/paksuus.png 1308w\" sizes=\"auto, (max-width: 1006px) 100vw, 1006px\" \/>\t\t\t\t\t\t\n\t\t\t\t\t<\/div>\n\t\t\t\t\t\t\t\t\n<style>\n#image_398758778 {\n  width: 100%;\n}\n<\/style>\n\t<\/div>\n\t\n\n\n\t\t<\/div>\n\t\t\t\t\t<\/div>\n\n\t\n\n\t<div id=\"col-1387632932\" class=\"col medium-4 small-12 large-4\"  >\n\t\t\t\t<div class=\"col-inner\"  >\n\t\t\t\n\t\t\t\n\n\n\t\t<\/div>\n\t\t\t\t\t<\/div>\n\n\t\n\n<\/div>\n\n\t\t<\/div>\n\t\t\t\t\t<\/div>\n\n\t\n\n<\/div>\n<div class=\"is-divider divider clearfix\" ><\/div>\n\n\n","protected":false},"excerpt":{"rendered":"","protected":false},"author":2,"featured_media":0,"parent":0,"menu_order":0,"comment_status":"closed","ping_status":"closed","template":"page-transparent-header-light.php","meta":{"footnotes":""},"class_list":["post-427","page","type-page","status-publish","hentry"],"_links":{"self":[{"href":"https:\/\/artesaanipizzaa.fi\/index.php\/wp-json\/wp\/v2\/pages\/427","targetHints":{"allow":["GET"]}}],"collection":[{"href":"https:\/\/artesaanipizzaa.fi\/index.php\/wp-json\/wp\/v2\/pages"}],"about":[{"href":"https:\/\/artesaanipizzaa.fi\/index.php\/wp-json\/wp\/v2\/types\/page"}],"author":[{"embeddable":true,"href":"https:\/\/artesaanipizzaa.fi\/index.php\/wp-json\/wp\/v2\/users\/2"}],"replies":[{"embeddable":true,"href":"https:\/\/artesaanipizzaa.fi\/index.php\/wp-json\/wp\/v2\/comments?post=427"}],"version-history":[{"count":46,"href":"https:\/\/artesaanipizzaa.fi\/index.php\/wp-json\/wp\/v2\/pages\/427\/revisions"}],"predecessor-version":[{"id":508,"href":"https:\/\/artesaanipizzaa.fi\/index.php\/wp-json\/wp\/v2\/pages\/427\/revisions\/508"}],"wp:attachment":[{"href":"https:\/\/artesaanipizzaa.fi\/index.php\/wp-json\/wp\/v2\/media?parent=427"}],"curies":[{"name":"wp","href":"https:\/\/api.w.org\/{rel}","templated":true}]}}